{"id":6674,"date":"2024-04-08T10:05:49","date_gmt":"2024-04-08T08:05:49","guid":{"rendered":"https:\/\/www.sgbstudio.it\/corporate-restructuring\/"},"modified":"2024-04-15T11:53:24","modified_gmt":"2024-04-15T09:53:24","slug":"corporate-restructuring","status":"publish","type":"page","link":"https:\/\/www.sgbstudio.it\/en\/corporate-restructuring\/","title":{"rendered":"Corporate restructuring"},"content":{"rendered":"<section data-bb-version=\"4.8.0\" id=\"bt_bb_section69fc8f2c7d182\" class=\"bt_bb_section bt_bb_color_scheme_1 bt_bb_layout_boxed_1200 bt_bb_vertical_align_top bt_bb_top_spacing_extra_large bt_bb_bottom_spacing_large\" style=\"; --section-primary-color:#ffffff; --section-secondary-color:#262626;\" data-bt-override-class=\"{&quot;bt_bb_top_spacing_&quot;:{&quot;current_class&quot;:&quot;bt_bb_top_spacing_extra_large&quot;,&quot;xxl&quot;:&quot;extra_large&quot;},&quot;bt_bb_bottom_spacing_&quot;:{&quot;current_class&quot;:&quot;bt_bb_bottom_spacing_large&quot;,&quot;xxl&quot;:&quot;large&quot;}}\"><div class=\"bt_bb_background_image_holder_wrapper\"><div class=\"bt_bb_background_image_holder btLazyLoadBackground bt_bb_parallax\"  data-background_image_src=\"https:\/\/www.sgbstudio.it\/wp-content\/uploads\/2024\/04\/corporate_restructuring.jpg\" data-parallax=\"0.7\" data-parallax-offset=\"0\" data-parallax-zoom-start=\"1\" data-parallax-zoom-end=\"1\" data-parallax-blur-start=\"0\" data-parallax-blur-end=\"0\" data-parallax-opacity-start=\"1\" data-parallax-opacity-end=\"1\" style=\" background-image: url(&#039;https:\/\/www.sgbstudio.it\/wp-content\/plugins\/bold-page-builder\/img\/blank.gif&#039;);\"><\/div><\/div><div class=\"bt_bb_port\"><div class=\"bt_bb_cell\"><div class=\"bt_bb_cell_inner\"><div class=\"bt_bb_row_wrapper\"><div  class=\"bt_bb_row bt_bb_column_gap_0\"  data-bt-override-class=\"{}\"><div  class=\"bt_bb_column col-md-8 col-ms-12 bt_bb_align_left bt_bb_vertical_align_middle bt_bb_animation_fade_in animate bt_bb_padding_normal bt_bb_animation_fade_in animate\"  data-width=\"8\"><div class=\"bt_bb_column_content\"><div class=\"bt_bb_row_wrapper\"><div  class=\"bt_bb_row_inner bt_bb_column_inner_gap_0\"  data-bt-override-class=\"{}\"><div  class=\"bt_bb_column_inner col-xxl-3 col-xl-3 bt_bb_vertical_align_top bt_bb_align_left bt_bb_padding_normal\"  data-width=\"3\" data-bt-override-class=\"{}\"><div class=\"bt_bb_column_inner_content\"><div data-bb-version=\"4.8.0\" class=\"bt_bb_image bt_bb_shape_square bt_bb_target_self bt_bb_align_left bt_bb_hover_style_simple bt_bb_content_display_always bt_bb_content_align_middle\" data-bt-override-class=\"{&quot;bt_bb_align_&quot;:{&quot;current_class&quot;:&quot;bt_bb_align_left&quot;,&quot;xxl&quot;:&quot;left&quot;},&quot;bt_bb_content_display_&quot;:{&quot;current_class&quot;:&quot;bt_bb_content_display_always&quot;,&quot;xxl&quot;:&quot;always&quot;}}\"><span><img width=\"129\" height=\"147\" src=\"https:\/\/www.sgbstudio.it\/wp-content\/uploads\/2024\/04\/icona_corporate_restructing_bianca.png\" class=\"attachment-full size-full\" alt=\"https:\/\/www.sgbstudio.it\/wp-content\/uploads\/2024\/04\/icona_corporate_restructing_bianca.png\" decoding=\"async\" loading=\"lazy\" data-full_image_src=\"https:\/\/www.sgbstudio.it\/wp-content\/uploads\/2024\/04\/icona_corporate_restructing_bianca.png\" title=\"icona_corporate_restructing_bianca\" \/><\/span><\/div><div class=\"bt_bb_separator bt_bb_border_style_none bt_bb_bottom_spacing_extra_small\" data-bt-override-class=\"null\"><\/div><div class=\"bt_bb_separator bt_bb_border_style_none bt_bb_bottom_spacing_extra_small bt_bb_hidden_sm bt_bb_hidden_md bt_bb_hidden_lg\" data-bt-override-class=\"null\"><\/div><\/div><\/div><div  class=\"bt_bb_column_inner col-xxl-9 col-xl-9 titolo-bu bt_bb_vertical_align_middle bt_bb_align_left bt_bb_padding_normal\"  data-width=\"9\" data-bt-override-class=\"{}\"><div class=\"bt_bb_column_inner_content\"><header data-bb-version=\"4.8.0\" class=\"bt_bb_headline bt_bb_subheadline_text_transform_default bt_bb_dash_none bt_bb_subheadline bt_bb_size_extralarge bt_bb_align_inherit\" data-bt-override-class=\"{&quot;bt_bb_size_&quot;:{&quot;current_class&quot;:&quot;bt_bb_size_extralarge&quot;,&quot;xxl&quot;:&quot;extralarge&quot;},&quot;bt_bb_align_&quot;:{&quot;current_class&quot;:&quot;bt_bb_align_inherit&quot;,&quot;xxl&quot;:&quot;inherit&quot;}}\"><h1 class=\"bt_bb_headline_tag\"><span class=\"bt_bb_headline_content\"><span>Corporate restructuring<\/span><\/span><\/h1><div class=\"bt_bb_headline_subheadline\">Debt advisory e asseverazioni ex CCI<\/div><\/header><\/div><\/div><\/div><\/div><\/div><\/div><div  class=\"bt_bb_column col-md-4 col-ms-12 bt_bb_align_left bt_bb_vertical_align_top bt_bb_padding_normal\"  data-width=\"4\"><div class=\"bt_bb_column_content\"><\/div><\/div><\/div><\/div><\/div><!-- cell_inner --><\/div><!-- cell --><\/div><!-- port --><\/section><section id=\"bt_bb_section69fc8f2c7dc34\" class=\"bt_bb_section bt_bb_layout_wide bt_bb_vertical_align_top\"  data-bt-override-class=\"null\"><div class=\"bt_bb_port\"><div class=\"bt_bb_cell\"><div class=\"bt_bb_cell_inner\"><div class=\"bt_bb_row_wrapper\"><div  class=\"bt_bb_row bt_bb_column_gap_0\"  data-bt-override-class=\"{}\"><div data-bb-version=\"4.8.0\"  class=\"bt_bb_column col-md-6 col-sm-12 bt_bb_align_right bt_bb_vertical_align_top bt_bb_animation_fade_in animate bt_bb_padding_normal bt_bb_column_background_image bt_bb_animation_fade_in animate\" style=\"background-image:url(&#039;https:\/\/www.sgbstudio.it\/wp-content\/uploads\/2024\/04\/monitoraggio.jpg&#039;);\" data-width=\"6\"><div class=\"bt_bb_column_content\"><div class=\"bt_bb_separator bt_bb_border_style_none bt_bb_top_spacing_extra_large bt_bb_bottom_spacing_extra_large bt_bb_hidden_xs\" data-bt-override-class=\"null\"><\/div><\/div><\/div><div  class=\"bt_bb_column col-md-6 col-sm-12 bt_bb_align_left bt_bb_vertical_align_top bt_bb_animation_fade_in animate bt_bb_padding_double bt_bb_animation_fade_in animate\"  data-width=\"6\"><div class=\"bt_bb_column_content\"><div data-bb-version=\"4.8.0\" class=\"bt_bb_image bt_bb_shape_square bt_bb_target_self bt_bb_align_left bt_bb_hover_style_simple bt_bb_content_display_always bt_bb_content_align_top bt_bb_hidden_ms bt_bb_hidden_sm bt_bb_hidden_md bt_bb_hidden_lg bt_bb_hidden_xl\" data-bt-override-class=\"{&quot;bt_bb_align_&quot;:{&quot;current_class&quot;:&quot;bt_bb_align_left&quot;,&quot;xxl&quot;:&quot;left&quot;},&quot;bt_bb_content_display_&quot;:{&quot;current_class&quot;:&quot;bt_bb_content_display_always&quot;,&quot;xxl&quot;:&quot;always&quot;}}\"><span><img width=\"768\" height=\"512\" src=\"https:\/\/www.sgbstudio.it\/wp-content\/uploads\/2024\/04\/monitoraggio-768x512.jpg\" class=\"attachment-medium_large size-medium_large\" alt=\"https:\/\/www.sgbstudio.it\/wp-content\/uploads\/2024\/04\/monitoraggio-768x512.jpg\" decoding=\"async\" loading=\"lazy\" data-full_image_src=\"https:\/\/www.sgbstudio.it\/wp-content\/uploads\/2024\/04\/monitoraggio.jpg\" title=\"monitoraggio\" srcset=\"https:\/\/www.sgbstudio.it\/wp-content\/uploads\/2024\/04\/monitoraggio-768x512.jpg 768w, https:\/\/www.sgbstudio.it\/wp-content\/uploads\/2024\/04\/monitoraggio-640x427.jpg 640w, https:\/\/www.sgbstudio.it\/wp-content\/uploads\/2024\/04\/monitoraggio-1280x853.jpg 1280w, https:\/\/www.sgbstudio.it\/wp-content\/uploads\/2024\/04\/monitoraggio-1536x1024.jpg 1536w, https:\/\/www.sgbstudio.it\/wp-content\/uploads\/2024\/04\/monitoraggio-320x213.jpg 320w, https:\/\/www.sgbstudio.it\/wp-content\/uploads\/2024\/04\/monitoraggio.jpg 1920w\" sizes=\"(max-width: 768px) 100vw, 768px\" \/><\/span><\/div><div class=\"bt_bb_separator bt_bb_border_style_none bt_bb_bottom_spacing_medium\" data-bt-override-class=\"null\"><\/div><header data-bb-version=\"4.8.0\" class=\"bt_bb_headline bt_bb_font_weight_bold bt_bb_subheadline_text_transform_default bt_bb_dash_none bt_bb_size_large bt_bb_align_inherit\" data-bt-override-class=\"{&quot;bt_bb_size_&quot;:{&quot;current_class&quot;:&quot;bt_bb_size_large&quot;,&quot;xxl&quot;:&quot;large&quot;},&quot;bt_bb_align_&quot;:{&quot;current_class&quot;:&quot;bt_bb_align_inherit&quot;,&quot;xxl&quot;:&quot;inherit&quot;}}\"><h1 class=\"bt_bb_headline_tag\"><span class=\"bt_bb_headline_content\"><span>Ritrova l\u2019equilibrio economico-finanziario della tua impresa con i nostri servizi di ristrutturazione aziendale<br \/>\r\n<\/span><\/span><\/h1><\/header><div class=\"bt_bb_separator bt_bb_border_style_none bt_bb_bottom_spacing_normal\" data-bt-override-class=\"null\"><\/div><div  class=\"bt_bb_text\" ><p>I servizi di <i>restructuring<\/i> includono le attivit\u00e0 finalizzate alla rifocalizzazione delle strategie aziendali, al miglioramento delle marginalit\u00e0 operative e alla razionalizzazione della struttura patrimoniale, con l\u2019obiettivo di ristabilire un adeguato equilibrio gestionale e finanziario nell\u2019ambito dei processi di riorganizzazione aziendale. Tali servizi sono svolti prevalentemente per societ\u00e0 in situazioni di crisi finanziaria e insolvenza. Nell\u2019ambito dei servizi \u00e8 compresa l\u2019assistenza all\u2019elaborazione di piani industriali e di business plan nonch\u00e9 quella relativa alla razionalizzazione o alla ristrutturazione del debito finanziario.<\/p>\n<p>Particolare importanza verr\u00e0 inoltre data alla strutturazione di adeguati assetti amministrativi, organizzativi e contabili, in linea con il dettato normativo vigente ed utile strumento a disposizione del management per intraprendere le corrette scelte direzionali.<\/p>\n<\/div><div class=\"bt_bb_separator bt_bb_border_style_none bt_bb_bottom_spacing_medium\" data-bt-override-class=\"null\"><\/div><\/div><\/div><\/div><\/div><\/div><!-- cell_inner --><\/div><!-- cell --><\/div><!-- port --><\/section><section id=\"bt_bb_section69fc8f2c7e6f7\" class=\"bt_bb_section bt_bb_layout_wide bt_bb_vertical_align_top\" style=\";background-color:#edebe8;\" data-bt-override-class=\"null\"><div class=\"bt_bb_port\"><div class=\"bt_bb_cell\"><div class=\"bt_bb_cell_inner\"><div class=\"bt_bb_row_wrapper\"><div  class=\"bt_bb_row bt_bb_column_gap_0 bt_bb_hidden_md bt_bb_hidden_lg\"  data-bt-override-class=\"{}\"><div data-bb-version=\"4.8.0\"  class=\"bt_bb_column col-md-12 col-ms-12 bt_bb_align_left bt_bb_vertical_align_top bt_bb_padding_double bt_bb_column_background_image\" style=\"background-image:url(&#039;https:\/\/www.sgbstudio.it\/wp-content\/uploads\/2024\/04\/team-cosa-possiamo-fare.jpg&#039;);\" data-width=\"12\"><div class=\"bt_bb_column_content\"><div class=\"bt_bb_separator bt_bb_border_style_none bt_bb_top_spacing_large bt_bb_bottom_spacing_extra_large\" data-bt-override-class=\"null\"><\/div><\/div><\/div><\/div><\/div><div class=\"bt_bb_row_wrapper\"><div  class=\"bt_bb_row bt_bb_column_gap_0\"  data-bt-override-class=\"{}\"><div  class=\"bt_bb_column col-md-6 col-sm-12 bt_bb_align_left bt_bb_vertical_align_middle bt_bb_animation_fade_in animate bt_bb_padding_double bt_bb_animation_fade_in animate\" style=\"background-color: rgba(232, 235, 240, 1);\" data-width=\"6\"><div class=\"bt_bb_column_content\"><div class=\"bt_bb_separator bt_bb_border_style_none bt_bb_top_spacing_normal bt_bb_bottom_spacing_small\" data-bt-override-class=\"null\"><\/div><div  class=\"bt_bb_text\" style=\"max-width: 800px;\"><p><span style=\"font-family: Poppins, Arial, sans-serif; font-size: 2em; font-weight: 600;\">Cosa possiamo fare per te<\/span><\/p>\n<p>Il nostro team di lavoro vanta una consolidata esperienza nell\u2019assistenza a societ\u00e0 in situazioni di crisi o temporanea difficolt\u00e0, in ambito privato e pubblico.<\/p>\n<p>Tramite un approccio integrato con le altre Business Unit dello Studio, il nostro team di professionisti multidisciplinare, con specifiche competenze in diritto societario, diritto fallimentare e M&amp;A, \u00e8 in grado di sviluppare soluzioni specifiche per ogni forma di ristrutturazione aziendale proponendosi quale interlocutore di riferimento nell&#8217;interazione con aziende, istituti finanziari e investitori, al fine di individuare ed intraprendere il miglior percorso di ristrutturazione (operativa e finanziaria), in funzione del contesto di mercato in cui l&#8217;azienda opera e della struttura del modello di business attuale e target.<\/p>\n<p>Per le imprese che evidenziano situazioni di crisi, forniamo assistenza globale nei processi di Corporate Restructuring, attraverso l\u2019adozione di strategie di ristrutturazione e risanamento aziendale mediante riscadenzamento e\/o rifinanziamento del debito, stand-still e moratorie; inoltre prestiamo assistenza nell\u2019ambito del ricorso ad istituti giuridici volti alla risoluzione della situazione di squilibrio, sia di tipo stragiudiziale, quali i piani di risanamento (ex art 56 C.C.I.) e gli accordi di ristrutturazione dei debiti (ex art 57 C.C.I.), occupandoci della strutturazione, negoziazione ed implementazione degli accordi, sia di tipo giudiziale, fornendo assistenza nella presentazione di domande per l\u2019ammissione alle procedure di concordato preventivo (ex art 84 e ss. C.C.I.) e di amministrazione straordinaria.<\/p>\n<\/div><div class=\"bt_bb_separator bt_bb_border_style_none bt_bb_bottom_spacing_normal\" data-bt-override-class=\"null\"><\/div><\/div><\/div><div data-bb-version=\"4.8.0\"  class=\"bt_bb_column col-md-6 col-sm-12 bt_bb_align_left bt_bb_vertical_align_top bt_bb_padding_normal bt_bb_column_background_image\" style=\"background-image:url(&#039;https:\/\/www.sgbstudio.it\/wp-content\/uploads\/2024\/04\/team-cosa-possiamo-fare.jpg&#039;);\" data-width=\"6\"><div class=\"bt_bb_column_content\"><div class=\"bt_bb_separator bt_bb_border_style_none bt_bb_top_spacing_extra_large bt_bb_bottom_spacing_extra_large\" data-bt-override-class=\"null\"><\/div><\/div><\/div><\/div><\/div><\/div><!-- cell_inner --><\/div><!-- cell --><\/div><!-- port --><\/section><section id=\"bt_bb_section69fc8f2c7eeb0\" class=\"bt_bb_section bt_bb_layout_wide bt_bb_vertical_align_top\" style=\";background-color:#edebe8;\" data-bt-override-class=\"null\"><div class=\"bt_bb_port\"><div class=\"bt_bb_cell\"><div class=\"bt_bb_cell_inner\"><div class=\"bt_bb_row_wrapper\"><div  class=\"bt_bb_row bt_bb_column_gap_0\"  data-bt-override-class=\"{}\"><div data-bb-version=\"4.8.0\"  class=\"bt_bb_column col-md-6 col-sm-12 bt_bb_align_right bt_bb_vertical_align_top bt_bb_padding_normal bt_bb_column_background_image\" style=\"background-image:url(&#039;https:\/\/www.sgbstudio.it\/wp-content\/uploads\/2024\/04\/cosa-possiamo-fare.jpg&#039;);\" data-width=\"6\"><div class=\"bt_bb_column_content\"><div class=\"bt_bb_separator bt_bb_border_style_none bt_bb_top_spacing_extra_large bt_bb_bottom_spacing_extra_large\" data-bt-override-class=\"null\"><\/div><\/div><\/div><div  class=\"bt_bb_column col-md-6 col-sm-12 bt_bb_align_left bt_bb_vertical_align_middle bt_bb_animation_fade_in animate bt_bb_padding_double bt_bb_animation_fade_in animate\" style=\"background-color: rgba(232, 235, 240, 1);\" data-width=\"6\"><div class=\"bt_bb_column_content\"><div class=\"bt_bb_separator bt_bb_border_style_none bt_bb_top_spacing_normal\" data-bt-override-class=\"null\"><\/div><div  class=\"bt_bb_text\" style=\"max-width: 800px;\"><h3>Cosa possiamo fare per te<\/h3>\n<p>In particolare, supportiamo il management nella scelta della corretta soluzione da intraprendere, affiancandolo nelle seguenti fasi:<\/p>\n<ul>\n<li>Diagnosi e monitoraggio di un\u2019attivit\u00e0 Underperforming: analisi della situazione finanziaria dell\u2019attivit\u00e0, del suo mercato, delle sue prospettive al fine di comprendere la natura e l\u2019entit\u00e0 delle difficolt\u00e0 ed i rischi di \u00abavvitamento finanziario\u00bb, anche prospettico;<\/li>\n<li>Review indipendente della situazione finanziaria: nell\u2019ambito di operazioni di negoziazione con il sistema bancario, lo sviluppo di una Independent Business Review, ovvero di una diagnosi completa della situazione finanziaria storica e previsionale, consente di comprendere le cause della crisi e definire le basi per una rinegoziazione delle condizioni di finanziamento. Tale attivit\u00e0 \u00e8, nelle situazioni pre-crisi o di crisi non conclamata, utile a fornire assistenza al management e alla propriet\u00e0 di un\u2019impresa potenzialmente in difficolt\u00e0 per ricercare possibili soluzioni e assumere decisioni in contesti di crisi poco chiari e che si modificano velocemente;<\/li>\n<li>Assistenza nella gestione delle crisi di liquidit\u00e0 e nella negoziazione con il sistema bancario: con un supporto ad hoc nella gestione delle delicate fasi di una crisi finanziaria che si muove verso una crisi di liquidit\u00e0 attraverso la predisposizione di sistemi di monitoraggio della finanza a breve termine, quali lo \u201cShort Term Cash Flow\u201d e la ricostruzione periodica dei margini di tesoreria (financial headroom). Successivamente predisposizione del business plan pluriennale e della manovra da proporre al ceto bancario ai fini di una ristrutturazione del debito;<\/li>\n<\/ul>\n<\/div><div class=\"bt_bb_separator bt_bb_border_style_none bt_bb_top_spacing_normal\" data-bt-override-class=\"null\"><\/div><\/div><\/div><\/div><\/div><\/div><!-- cell_inner --><\/div><!-- cell --><\/div><!-- port --><\/section><section id=\"bt_bb_section69fc8f2c7f548\" class=\"bt_bb_section bt_bb_layout_wide bt_bb_vertical_align_top\" style=\";background-color:#edebe8;\" data-bt-override-class=\"null\"><div class=\"bt_bb_port\"><div class=\"bt_bb_cell\"><div class=\"bt_bb_cell_inner\"><div class=\"bt_bb_row_wrapper\"><div  class=\"bt_bb_row bt_bb_column_gap_0 bt_bb_hidden_md bt_bb_hidden_lg\"  data-bt-override-class=\"{}\"><div data-bb-version=\"4.8.0\"  class=\"bt_bb_column col-md-12 col-ms-12 bt_bb_align_left bt_bb_vertical_align_top bt_bb_padding_double bt_bb_column_background_image\" style=\"background-image:url(&#039;https:\/\/www.sgbstudio.it\/wp-content\/uploads\/2024\/04\/monitoraggio-cosa-possiamo-fare.jpg&#039;);\" data-width=\"12\"><div class=\"bt_bb_column_content\"><div class=\"bt_bb_separator bt_bb_border_style_none bt_bb_top_spacing_large bt_bb_bottom_spacing_extra_large\" data-bt-override-class=\"null\"><\/div><\/div><\/div><\/div><\/div><div class=\"bt_bb_row_wrapper\"><div  class=\"bt_bb_row bt_bb_column_gap_0\"  data-bt-override-class=\"{}\"><div  class=\"bt_bb_column col-md-6 col-sm-12 bt_bb_align_left bt_bb_vertical_align_middle bt_bb_animation_fade_in animate bt_bb_padding_double bt_bb_animation_fade_in animate\" style=\"background-color: rgba(232, 235, 240, 1);\" data-width=\"6\"><div class=\"bt_bb_column_content\"><div class=\"bt_bb_separator bt_bb_border_style_none bt_bb_top_spacing_normal bt_bb_bottom_spacing_small\" data-bt-override-class=\"null\"><\/div><div  class=\"bt_bb_text\" style=\"max-width: 800px;\"><h3>Cosa possiamo fare per te<\/h3>\n<p>Attivit\u00e0 di monitoraggio post ristrutturazione finanziaria: su mandato del ceto bancario o su iniziativa del management, viene svolta un\u2019attivit\u00e0 di monitoraggio periodico dei principali indicatori di business e finanziari della Societ\u00e0 al fine di dare conforto al management ed ai creditori circa le possibilit\u00e0 di conseguimento degli obiettivi finanziari e reddituali previsti dal business plan ovvero al fine di porre in essere tempestivi recovery plan. L\u2019attivit\u00e0 si estrinseca in un report periodico, mensile o trimestrale, che supporta gli interlocutori della Societ\u00e0 nel comprendere se l\u2019andamento economico finanziario della stessa \u00e8 in linea con il business Plan concordato nella fase di rinegoziazione.<\/p>\n<p>Infine, il nostro team Restructuring supporta le aziende nella strutturazione di operazioni di investimento con operatori specializzati nelle c.d. \u2018special situations\u2019 (Alternative Investors, Distressed Funds, Turnaround Funds) e nella strutturazione di operazioni di equity\/financing\/refinancing con istituzioni pubbliche ed investitori istituzionali.<\/p>\n<\/div><div class=\"bt_bb_separator bt_bb_border_style_none bt_bb_bottom_spacing_normal\" data-bt-override-class=\"null\"><\/div><\/div><\/div><div data-bb-version=\"4.8.0\"  class=\"bt_bb_column col-md-6 col-sm-12 bt_bb_align_left bt_bb_vertical_align_top bt_bb_padding_normal bt_bb_column_background_image\" style=\"background-image:url(&#039;https:\/\/www.sgbstudio.it\/wp-content\/uploads\/2024\/04\/monitoraggio-cosa-possiamo-fare.jpg&#039;);\" data-width=\"6\"><div class=\"bt_bb_column_content\"><div class=\"bt_bb_separator bt_bb_border_style_none bt_bb_top_spacing_large bt_bb_bottom_spacing_extra_large\" data-bt-override-class=\"null\"><\/div><\/div><\/div><\/div><\/div><\/div><!-- cell_inner --><\/div><!-- cell --><\/div><!-- port --><\/section><section id=\"bt_bb_section69fc8f2c7fb07\" class=\"bt_bb_section bt_bb_layout_wide bt_bb_vertical_align_top\" style=\";background-color:#edebe8;\" data-bt-override-class=\"null\"><div class=\"bt_bb_port\"><div class=\"bt_bb_cell\"><div class=\"bt_bb_cell_inner\"><div class=\"bt_bb_row_wrapper\"><div  class=\"bt_bb_row\"  data-bt-override-class=\"{}\"><div data-bb-version=\"4.8.0\"  class=\"bt_bb_column col-md-6 col-sm-12 bt_bb_align_right bt_bb_vertical_align_top bt_bb_padding_normal bt_bb_column_background_image\" style=\"background-image:url(&#039;https:\/\/www.sgbstudio.it\/wp-content\/uploads\/2024\/04\/i-nostri-servizi-in-sintesi.jpg&#039;);\" data-width=\"6\"><div class=\"bt_bb_column_content\"><div class=\"bt_bb_separator bt_bb_border_style_none bt_bb_top_spacing_large bt_bb_bottom_spacing_extra_large\" data-bt-override-class=\"null\"><\/div><\/div><\/div><div  class=\"bt_bb_column col-md-6 col-sm-12 bt_bb_align_left bt_bb_vertical_align_middle bt_bb_animation_fade_in animate bt_bb_padding_double bt_bb_animation_fade_in animate\" style=\"background-color: rgba(232, 235, 240, 1);\" data-width=\"6\"><div class=\"bt_bb_column_content\"><div class=\"bt_bb_separator bt_bb_border_style_none bt_bb_top_spacing_normal\" data-bt-override-class=\"null\"><\/div><div  class=\"bt_bb_text\" style=\"max-width: 800px;\"><h3>I nostri servizi in sintesi<\/h3>\n<ul>\n<li><i>Restructuring<\/i> <i>advisory<\/i>: formulazione, negoziazione e gestione dei piani di riscadenzamento con i fornitori, e gli istituti di credito per la rimodulazione di linee di credito<\/li>\n<li><i>Financial <\/i><i>Restructuring<\/i><i>: Cash Management &amp; <\/i><i>Liquidity<\/i><i> generation<\/i><\/li>\n<li><i>Turnaround, <\/i><i>Temporary<\/i><i> &amp; Interim Management<\/i><\/li>\n<li><i>Contingency planning<\/i><\/li>\n<li><i>Asset <\/i><i>rationalization<\/i><\/li>\n<li>Gestione delle eventuali problematiche fiscali e previdenziali<\/li>\n<li>Asseverazione del <i>business &amp; <\/i><i>financial<\/i><i> plan <\/i>e <i>review<\/i> indipendente su specifiche poste<\/li>\n<li>Predisposizione ed implementazione di un adeguato assetto organizzativo per la prevenzione, la diagnosi e la rilevazione tempestiva della crisi<\/li>\n<li>Elaborazione piani di ristrutturazione e accordi di ristrutturazione del debito<\/li>\n<li>Studio di soluzioni per la gestione delle situazioni di crisi e la conservazione della continuit\u00e0 aziendale<\/li>\n<li>Assistenza alle imprese in crisi anche attraverso i nuovi strumenti di composizione negoziata introdotti dal Codice della Crisi<\/li>\n<li>Formazione e gestione di piani di concordato preventivo o liquidatorio adeguati alla situazione dell\u2019Impresa<\/li>\n<li>Assistenza all\u2019imprenditore nella domanda di accesso alla procedura di liquidazione giudiziale<\/li>\n<\/ul>\n<ul class=\"list list4\">\n<li style=\"list-style-type: none;\"><\/li>\n<\/ul>\n<\/div><div class=\"bt_bb_separator bt_bb_border_style_none bt_bb_top_spacing_normal\" data-bt-override-class=\"null\"><\/div><\/div><\/div><\/div><\/div><\/div><!-- cell_inner --><\/div><!-- cell --><\/div><!-- port --><\/section>","protected":false},"excerpt":{"rendered":"","protected":false},"author":1,"featured_media":0,"parent":0,"menu_order":10,"comment_status":"closed","ping_status":"closed","template":"","meta":[],"_links":{"self":[{"href":"https:\/\/www.sgbstudio.it\/en\/wp-json\/wp\/v2\/pages\/6674"}],"collection":[{"href":"https:\/\/www.sgbstudio.it\/en\/wp-json\/wp\/v2\/pages"}],"about":[{"href":"https:\/\/www.sgbstudio.it\/en\/wp-json\/wp\/v2\/types\/page"}],"author":[{"embeddable":true,"href":"https:\/\/www.sgbstudio.it\/en\/wp-json\/wp\/v2\/users\/1"}],"replies":[{"embeddable":true,"href":"https:\/\/www.sgbstudio.it\/en\/wp-json\/wp\/v2\/comments?post=6674"}],"version-history":[{"count":1,"href":"https:\/\/www.sgbstudio.it\/en\/wp-json\/wp\/v2\/pages\/6674\/revisions"}],"predecessor-version":[{"id":6675,"href":"https:\/\/www.sgbstudio.it\/en\/wp-json\/wp\/v2\/pages\/6674\/revisions\/6675"}],"wp:attachment":[{"href":"https:\/\/www.sgbstudio.it\/en\/wp-json\/wp\/v2\/media?parent=6674"}],"curies":[{"name":"wp","href":"https:\/\/api.w.org\/{rel}","templated":true}]}}